{"id":161,"date":"2024-08-27T05:09:03","date_gmt":"2024-08-27T05:09:03","guid":{"rendered":"https:\/\/tecno.idealsystem.tech\/wp\/?post_type=product&#038;p=161"},"modified":"2024-08-27T05:09:04","modified_gmt":"2024-08-27T05:09:04","slug":"canon-g3110-color-wifi","status":"publish","type":"product","link":"https:\/\/tecno.idealsystem.tech\/wp\/producto\/canon-g3110-color-wifi\/","title":{"rendered":"CANON G3110 COLOR WIFI"},"content":{"rendered":"<ul>\n<li>Canon G3110 Inyecci\u00f3n de tinta A4 4800 x 1200 DPI Wifi<\/li>\n<\/ul>\n<p>La impresora inal\u00e1mbrica8 multifuncional PIXMA G3110 proporciona la capacidad de imprimir, copiar y escanear. As\u00ed mismo, tiene una pantalla LCD de 3.05 cm el cual permite f\u00e1cilmente hacer copias y verificar la conexi\u00f3n de la red. Esta impresora tambi\u00e9n proporciona muchas de las funciones populares que se encuentran en los modelos anteriores tal como el sistema de tinta h\u00edbrido integrado, dise\u00f1o compacto y capacidades de impresi\u00f3n sin bordes.2 El sistema de tinta h\u00edbrido de la nueva impresora PIXMA G3110 utiliza tintas con pigmentos y colorantes h\u00edbridos que produce una calidad de imagen mejorada para negros m\u00e1s oscuros para as\u00ed lograr un texto de gran nitidez y colores vibrantes que dan como resultado impresiones con gran impacto visual. Esta impresora incorpora una almohadilla de tinta m\u00e1s amplia que permite absorber m\u00e1s desperdicio de tinta incrementando as\u00ed el volumen de impresi\u00f3n. Unos de los puntos que contin\u00faa en este equipo es el tubo herm\u00e9tico, de alta calidad, duradero y flexible que evita que la tinta se seque cuando la impresora no est\u00e1 en uso.<\/p>\n<p>Este m\u00e9todo de recarga de tinta ofrece un menor costo por p\u00e1gina y una mayor producci\u00f3n de p\u00e1ginas, produciendo hasta 6.000 p\u00e1ginas en blanco y negro por botella y un total de hasta 7.000 p\u00e1ginas en color.18 Las botellas de tinta ofrecen una capacidad de tinta sustancial con 135 ml en la botella de color negro y 70 ml por cada botella de tinta de color. Construida para la conveniencia del usuario, esta nueva impresora ofrece una conectividad Wi-Fi m\u00e1s f\u00e1cil y din\u00e1mica.<\/p>\n<p>Adicionalmente, la impresora PIXMA G3110 cuenta con la experiencia de impresi\u00f3n inal\u00e1mbrica 8 para Dispositivos Inteligentes habilitado a trav\u00e9s de la aplicaci\u00f3n de impresi\u00f3n Canon PRINT actualizada.1 Esta funci\u00f3n permite a los usuarios hacer copias de documentos y fotos usando sus dispositivos inteligentes e imprimirlas f\u00e1cilmente.<\/p>\n<p>Canon PRINT tambi\u00e9n permite a los usuarios imprimir desde varias de las plataformas y servicios sociales m\u00e1s populares en l\u00ednea, como Instagram, Facebook\u00ae, Dropbox\u00ae, Evernote\u00ae, Google Drive\u2122 y Microsoft\u00ae OneDrive\u2122. Este modelo tambi\u00e9n es compatible con Google Cloud Print\u2122, para imprimir desde gmail y Google Docs en un dispositivo m\u00f3vil, y desde el navegador Google Chrome para Windows, Linux y computadoras Chrome.10<\/p>\n<p>La PIXMA G3110 ofrece velocidades de impresi\u00f3n de hasta 8.8 im\u00e1genes por minuto (IPM)3 en B\/W y 5.0 IPM3 en color y es capaz de producir una foto sin bordes de 10 x 15 cm en aproximadamente 60 segundos.6 Adem\u00e1s, la impresora ofrece tecnolog\u00eda 2pl (pico litros), una resoluci\u00f3n de color m\u00e1xima de 4800 dpi y es compatible con la aplicaci\u00f3n Easy-Photo Print. La nueva impresora PIXMA G3110 es ideal para quienes buscan una impresora de alta calidad, genuina y confiable; sabiendo que proporciona excelentes niveles de productividad, bajo mantenimiento y tanques de tinta f\u00e1ciles de rellenar.<\/p>\n<p>&nbsp;<\/p>\n","protected":false},"excerpt":{"rendered":"<p>CANON G3110 COLOR WIFI<\/p>\n","protected":false},"featured_media":163,"comment_status":"open","ping_status":"closed","template":"","meta":{"_kad_post_transparent":"default","_kad_post_title":"","_kad_post_layout":"default","_kad_post_sidebar_id":"","_kad_post_content_style":"default","_kad_post_vertical_padding":"default","_kad_post_feature":"","_kad_post_feature_position":"","_kad_post_header":false,"_kad_post_footer":false},"product_cat":[23],"product_tag":[25],"class_list":{"0":"post-161","1":"product","2":"type-product","3":"status-publish","4":"has-post-thumbnail","6":"product_cat-multifuncion","7":"product_tag-canon","9":"first","10":"instock","11":"shipping-taxable","12":"purchasable","13":"product-type-simple","14":"entry","15":"content-bg","16":"loop-entry"},"_links":{"self":[{"href":"https:\/\/tecno.idealsystem.tech\/wp\/wp-json\/wp\/v2\/product\/161","targetHints":{"allow":["GET"]}}],"collection":[{"href":"https:\/\/tecno.idealsystem.tech\/wp\/wp-json\/wp\/v2\/product"}],"about":[{"href":"https:\/\/tecno.idealsystem.tech\/wp\/wp-json\/wp\/v2\/types\/product"}],"replies":[{"embeddable":true,"href":"https:\/\/tecno.idealsystem.tech\/wp\/wp-json\/wp\/v2\/comments?post=161"}],"wp:featuredmedia":[{"embeddable":true,"href":"https:\/\/tecno.idealsystem.tech\/wp\/wp-json\/wp\/v2\/media\/163"}],"wp:attachment":[{"href":"https:\/\/tecno.idealsystem.tech\/wp\/wp-json\/wp\/v2\/media?parent=161"}],"wp:term":[{"taxonomy":"product_cat","embeddable":true,"href":"https:\/\/tecno.idealsystem.tech\/wp\/wp-json\/wp\/v2\/product_cat?post=161"},{"taxonomy":"product_tag","embeddable":true,"href":"https:\/\/tecno.idealsystem.tech\/wp\/wp-json\/wp\/v2\/product_tag?post=161"}],"curies":[{"name":"wp","href":"https:\/\/api.w.org\/{rel}","templated":true}]}}